{"id":29,"date":"2015-03-30T15:21:11","date_gmt":"2015-03-30T15:21:11","guid":{"rendered":"http:\/\/www.auto-concept.it\/?page_id=29"},"modified":"2016-04-01T07:41:12","modified_gmt":"2016-04-01T07:41:12","slug":"privacy","status":"publish","type":"page","link":"https:\/\/www.auto-concept.it\/?page_id=29","title":{"rendered":"Privacy"},"content":{"rendered":"<p><strong>Haftungshinweis:<\/strong><\/p>\n<p>Die auf dieser Website genannten Marken und Firmen sind Eigentum der jeweiligen Inhaber.<\/p>\n<p>Diese Website enth\u00e4lt Links auf Websites von Dritten. Trotz sorgf\u00e4ltiger inhaltlicher Kontrolle wird keinerlei Haftung f\u00fcr den Inhalt der verlinkten Websites \u00fcbernommen. Die Verantwortung und Haftung f\u00fcr deren Inhalt und Gestaltung liegt ausschlie\u00dflich bei den jeweiligen Betreibern.<\/p>\n<p><strong>Datenschutz:<\/strong><\/p>\n<p>Im Sinne des Art. 13 des Gesetzesvertretenden Dekrets Nr. 196 vom 30. Juni 2003 und nachfolgende \u00c4nderungen und Erg\u00e4nzungen informieren wir dar\u00fcber, dass alle Daten, welche Sie \u00fcber unseren Internetauftritt bzw. \u00fcber andere Wege (Fax, e-Mail, Post) an uns senden, gesammelt und gespeichert werden. Wir garantieren im Rahmen der gesetzlichen Vorgaben, dass die Verarbeitung der pers\u00f6nlichen Daten unter Ber\u00fccksichtigung der grundlegenden Rechte und Freiheiten sowie der W\u00fcrde des Betroffenen mit besonderem Bezug auf die Geheimhaltung, die pers\u00f6nliche Identit\u00e4t und das Recht auf Schutz der pers\u00f6nlichen Daten erfolgt.<\/p>\n<p>Die von uns verarbeiteten pers\u00f6nlichen Daten unterliegen keiner Verbreitung.<\/p>\n<p>Das Datenschutzgesetz verleiht den Betroffen gem\u00e4\u00df Art. 7 das Recht seine Daten zu best\u00e4tigen und zu kontrollieren, zu berichtigen und zu erg\u00e4nzen, zu beantragen, dass die Daten gel\u00f6scht, gesperrt und in anonyme Daten umgewandelt werden, falls die Verarbeitung gegen die gesetzlichen Bestimmungen verst\u00f6\u00dft. Er hat das Recht sich aus gerechtfertigtem Grund g\u00e4nzlich oder zum Teil der Verarbeitung seiner Daten zu widersetzen, sowie ihre L\u00f6schung, Sperrung, Umwandlung in anonyme Daten zu verlangen und ohne gerechtfertigtem Grund, wenn Daten zum Zwecke der Handelsinformation, des Versands von Werbematerial, des Direktverkaufs, zu Markt und Meinungsforschung verwendet werden.<\/p>\n<p>Der Inhaber der Datenverarbeitung ist:<br \/>\nautoconcept, Lihnwies 1, 39050 Deutschnofen, in\u00a0Person des gesetzlichen Vertreters Herrn Oskar Pichler.<\/p>\n<p><strong>Bildmaterial:<\/strong><\/p>\n<p>Archiv, autoconcept, Privatarchiv<br \/>\nBilddatenbank: www.123rf.com &#8211; jeweilige Autoren und Inhaber der Copyrightrechte:<br \/>\n<i>Filip Miletic \u00a9 123RF.com<br \/>\nCarolyn Franks \u00a9 123RF.com<br \/>\nNejroN \u00a9 123RF.com<br \/>\nwelcomia \u00a9 123RF.com<br \/>\nGolkin Oleg \u00a9 123RF.com<br \/>\nensup \u00a9 123RF.com<br \/>\nmacor \u00a9 123RF.com<\/i><\/p>\n","protected":false},"excerpt":{"rendered":"<p>Haftungshinweis: Die auf dieser Website genannten Marken und Firmen sind Eigentum der jeweiligen Inhaber. Diese Website enth\u00e4lt Links auf Websites von Dritten. Trotz sorgf\u00e4ltiger inhaltlicher Kontrolle&#46;&#46;&#46;<\/p>\n","protected":false},"author":1,"featured_media":0,"parent":0,"menu_order":0,"comment_status":"closed","ping_status":"closed","template":"","meta":{"ngg_post_thumbnail":0,"footnotes":""},"class_list":["post-29","page","type-page","status-publish","hentry"],"_links":{"self":[{"href":"https:\/\/www.auto-concept.it\/index.php?rest_route=\/wp\/v2\/pages\/29","targetHints":{"allow":["GET"]}}],"collection":[{"href":"https:\/\/www.auto-concept.it\/index.php?rest_route=\/wp\/v2\/pages"}],"about":[{"href":"https:\/\/www.auto-concept.it\/index.php?rest_route=\/wp\/v2\/types\/page"}],"author":[{"embeddable":true,"href":"https:\/\/www.auto-concept.it\/index.php?rest_route=\/wp\/v2\/users\/1"}],"replies":[{"embeddable":true,"href":"https:\/\/www.auto-concept.it\/index.php?rest_route=%2Fwp%2Fv2%2Fcomments&post=29"}],"version-history":[{"count":8,"href":"https:\/\/www.auto-concept.it\/index.php?rest_route=\/wp\/v2\/pages\/29\/revisions"}],"predecessor-version":[{"id":658,"href":"https:\/\/www.auto-concept.it\/index.php?rest_route=\/wp\/v2\/pages\/29\/revisions\/658"}],"wp:attachment":[{"href":"https:\/\/www.auto-concept.it\/index.php?rest_route=%2Fwp%2Fv2%2Fmedia&parent=29"}],"curies":[{"name":"wp","href":"https:\/\/api.w.org\/{rel}","templated":true}]}}